{"id":14,"date":"2021-02-15T14:06:13","date_gmt":"2021-02-15T13:06:13","guid":{"rendered":"https:\/\/portail.college-braspanon.ac-reunion.fr\/wordpress\/les-nouvelles-de-fanny\/?page_id=14"},"modified":"2021-03-02T15:18:10","modified_gmt":"2021-03-02T14:18:10","slug":"contact","status":"publish","type":"page","link":"https:\/\/portail.college-braspanon.ac-reunion.fr\/wordpress\/les-nouvelles-de-fanny\/contact\/","title":{"rendered":"Mentions l\u00e9gales"},"content":{"rendered":"\n<h4>Directeur de la publication et responsable de la r\u00e9daction:<\/h4>\n\n\n\n<p>M. Sylvain AVIONE, chef d\u2019\u00e9tablissement et M.  Cyril MAUFFREY, principal adjoint.<\/p>\n\n\n\n<h4>Encadrement du projet: <\/h4>\n\n\n\n<p>Mme Sabine BEBEAU, professeure documentaliste, Mme Alice TECHER, professeure de lettres et M. St\u00e9phane GROSSET, professeur de math\u00e9matiques.<\/p>\n\n\n\n<h4>Fournisseur de l\u2019h\u00e9bergement:<\/h4>\n\n\n\n<p>Rectorat de l\u2019Acad\u00e9mie de La R\u00e9union<br>Secr\u00e9tariat g\u00e9n\u00e9ral \u2013 Service Communication<br>24, Avenue Georges Brassens \u2013 97702 \u2013 St-Denis \u2013 Messag Cedex 9<\/p>\n\n\n\n<h4>Propri\u00e9t\u00e9 intellectuelle:<\/h4>\n\n\n\n<p><em>Les photographies, textes, slogans, dessins, images, s\u00e9quences anim\u00e9es,<\/em><br><em>sonores ou non, ainsi que toutes les \u0153uvres int\u00e9gr\u00e9es dans le site sont la propri\u00e9t\u00e9<\/em><br><em>de l\u2019\u00e9diteur du site ou de tiers ayant autoris\u00e9 l\u2019\u00e9diteur du site \u00e0 les utiliser.<\/em><br><em>Toute reproduction totale ou partielle de ces \u00e9l\u00e9ments sans l\u2019autorisation expresse de<\/em><br><em>l\u2019exploitant du site Internet ou de ses ayant-droit est prohib\u00e9e, au sens de l\u2019article L713-2 du CPI.<\/em><\/p>\n","protected":false},"excerpt":{"rendered":"<p>Directeur de la publication et responsable de la r\u00e9daction: M. Sylvain AVIONE, chef d\u2019\u00e9tablissement et M. Cyril MAUFFREY, principal adjoint. Encadrement du projet: Mme Sabine BEBEAU, professeure documentaliste, Mme Alice TECHER, professeure de lettres et M. St\u00e9phane GROSSET, professeur de math\u00e9matiques. Fournisseur de l\u2019h\u00e9bergement: Rectorat de l\u2019Acad\u00e9mie de La R\u00e9unionSecr\u00e9tariat g\u00e9n\u00e9ral \u2013 Service Communication24, Avenue &hellip; <a href=\"https:\/\/portail.college-braspanon.ac-reunion.fr\/wordpress\/les-nouvelles-de-fanny\/contact\/\" class=\"more-link\">Continuer la lecture de <span class=\"screen-reader-text\">Mentions l\u00e9gales<\/span> <span class=\"meta-nav\">&rarr;<\/span><\/a><\/p>\n","protected":false},"author":6857,"featured_media":0,"parent":0,"menu_order":0,"comment_status":"closed","ping_status":"closed","template":"","meta":{"_bbp_topic_count":0,"_bbp_reply_count":0,"_bbp_total_topic_count":0,"_bbp_total_reply_count":0,"_bbp_voice_count":0,"_bbp_anonymous_reply_count":0,"_bbp_topic_count_hidden":0,"_bbp_reply_count_hidden":0,"_bbp_forum_subforum_count":0,"_links_to":"","_links_to_target":""},"_links":{"self":[{"href":"https:\/\/portail.college-braspanon.ac-reunion.fr\/wordpress\/les-nouvelles-de-fanny\/wp-json\/wp\/v2\/pages\/14"}],"collection":[{"href":"https:\/\/portail.college-braspanon.ac-reunion.fr\/wordpress\/les-nouvelles-de-fanny\/wp-json\/wp\/v2\/pages"}],"about":[{"href":"https:\/\/portail.college-braspanon.ac-reunion.fr\/wordpress\/les-nouvelles-de-fanny\/wp-json\/wp\/v2\/types\/page"}],"author":[{"embeddable":true,"href":"https:\/\/portail.college-braspanon.ac-reunion.fr\/wordpress\/les-nouvelles-de-fanny\/wp-json\/wp\/v2\/users\/6857"}],"replies":[{"embeddable":true,"href":"https:\/\/portail.college-braspanon.ac-reunion.fr\/wordpress\/les-nouvelles-de-fanny\/wp-json\/wp\/v2\/comments?post=14"}],"version-history":[{"count":3,"href":"https:\/\/portail.college-braspanon.ac-reunion.fr\/wordpress\/les-nouvelles-de-fanny\/wp-json\/wp\/v2\/pages\/14\/revisions"}],"predecessor-version":[{"id":104,"href":"https:\/\/portail.college-braspanon.ac-reunion.fr\/wordpress\/les-nouvelles-de-fanny\/wp-json\/wp\/v2\/pages\/14\/revisions\/104"}],"wp:attachment":[{"href":"https:\/\/portail.college-braspanon.ac-reunion.fr\/wordpress\/les-nouvelles-de-fanny\/wp-json\/wp\/v2\/media?parent=14"}],"curies":[{"name":"wp","href":"https:\/\/api.w.org\/{rel}","templated":true}]}}