{"id":12,"date":"2021-02-15T14:04:42","date_gmt":"2021-02-15T13:04:42","guid":{"rendered":"https:\/\/portail.college-braspanon.ac-reunion.fr\/wordpress\/les-nouvelles-de-fanny\/?page_id=12"},"modified":"2021-03-02T07:50:45","modified_gmt":"2021-03-02T06:50:45","slug":"ligne-editoriale","status":"publish","type":"page","link":"https:\/\/portail.college-braspanon.ac-reunion.fr\/wordpress\/les-nouvelles-de-fanny\/ligne-editoriale\/","title":{"rendered":"Ligne \u00e9ditoriale"},"content":{"rendered":"\n<p>Cette charte est le bilan d&#8217;une s\u00e9ance d&#8217;\u00e9changes avec les \u00e9l\u00e8ves.<\/p>\n\n\n\n<h2>Pourquoi faire ce projet? Quelles sont vos intentions?<\/h2>\n\n\n\n<p>Nous voulons: <\/p>\n\n\n\n<ul><li>informer au sujet du coll\u00e8ge<\/li><li>d\u00e9couvrir le monde du journalisme<\/li><li>am\u00e9liorer notre expression orale<\/li><li>acqu\u00e9rir des comp\u00e9tences audiovisuelles<\/li><li>apprendre en nous amusant<\/li><\/ul>\n\n\n\n<h2>Quelle est votre fr\u00e9quence de publication?<\/h2>\n\n\n\n<p>Nous envisageons de publier une vid\u00e9o d&#8217;une dur\u00e9e de 3 \u00e0 8 minutes par p\u00e9riode. Nous tournerons des  podcasts ou des JT. Nous nous efforcerons de rendre nos contenus dynamiques et int\u00e9ressants. Une pointe d&#8217;humour sera toujours bienvenue.<\/p>\n\n\n\n<h2>Notre \u00e9thique: <\/h2>\n\n\n\n<p>Nous nous engageons \u00e0 :<\/p>\n\n\n\n<ul><li>toujours dire la v\u00e9rit\u00e9<\/li><li>utiliser des images des musiques libres de droit ou que nous avons cr\u00e9\u00e9es<\/li><li>citer nos sources, les v\u00e9rifier<\/li><li>remercier les personnes qui ont particip\u00e9<\/li><li>cr\u00e9er, ne pas copier<\/li><li>respecter le droit \u00e0 l&#8217;image<\/li><li>travailler en \u00e9quipe<\/li><li>rester humble et respecter le travail des autres, \u00eatre bienveillants<\/li><\/ul>\n","protected":false},"excerpt":{"rendered":"<p>Cette charte est le bilan d&#8217;une s\u00e9ance d&#8217;\u00e9changes avec les \u00e9l\u00e8ves. Pourquoi faire ce projet? Quelles sont vos intentions? Nous voulons: informer au sujet du coll\u00e8ge d\u00e9couvrir le monde du journalisme am\u00e9liorer notre expression orale acqu\u00e9rir des comp\u00e9tences audiovisuelles apprendre en nous amusant Quelle est votre fr\u00e9quence de publication? Nous envisageons de publier une vid\u00e9o &hellip; <a href=\"https:\/\/portail.college-braspanon.ac-reunion.fr\/wordpress\/les-nouvelles-de-fanny\/ligne-editoriale\/\" class=\"more-link\">Continuer la lecture de <span class=\"screen-reader-text\">Ligne \u00e9ditoriale<\/span> <span class=\"meta-nav\">&rarr;<\/span><\/a><\/p>\n","protected":false},"author":6857,"featured_media":0,"parent":0,"menu_order":0,"comment_status":"closed","ping_status":"closed","template":"","meta":{"_bbp_topic_count":0,"_bbp_reply_count":0,"_bbp_total_topic_count":0,"_bbp_total_reply_count":0,"_bbp_voice_count":0,"_bbp_anonymous_reply_count":0,"_bbp_topic_count_hidden":0,"_bbp_reply_count_hidden":0,"_bbp_forum_subforum_count":0,"_links_to":"","_links_to_target":""},"_links":{"self":[{"href":"https:\/\/portail.college-braspanon.ac-reunion.fr\/wordpress\/les-nouvelles-de-fanny\/wp-json\/wp\/v2\/pages\/12"}],"collection":[{"href":"https:\/\/portail.college-braspanon.ac-reunion.fr\/wordpress\/les-nouvelles-de-fanny\/wp-json\/wp\/v2\/pages"}],"about":[{"href":"https:\/\/portail.college-braspanon.ac-reunion.fr\/wordpress\/les-nouvelles-de-fanny\/wp-json\/wp\/v2\/types\/page"}],"author":[{"embeddable":true,"href":"https:\/\/portail.college-braspanon.ac-reunion.fr\/wordpress\/les-nouvelles-de-fanny\/wp-json\/wp\/v2\/users\/6857"}],"replies":[{"embeddable":true,"href":"https:\/\/portail.college-braspanon.ac-reunion.fr\/wordpress\/les-nouvelles-de-fanny\/wp-json\/wp\/v2\/comments?post=12"}],"version-history":[{"count":4,"href":"https:\/\/portail.college-braspanon.ac-reunion.fr\/wordpress\/les-nouvelles-de-fanny\/wp-json\/wp\/v2\/pages\/12\/revisions"}],"predecessor-version":[{"id":83,"href":"https:\/\/portail.college-braspanon.ac-reunion.fr\/wordpress\/les-nouvelles-de-fanny\/wp-json\/wp\/v2\/pages\/12\/revisions\/83"}],"wp:attachment":[{"href":"https:\/\/portail.college-braspanon.ac-reunion.fr\/wordpress\/les-nouvelles-de-fanny\/wp-json\/wp\/v2\/media?parent=12"}],"curies":[{"name":"wp","href":"https:\/\/api.w.org\/{rel}","templated":true}]}}